{"id":3330,"date":"2023-09-10T23:17:51","date_gmt":"2023-09-10T21:17:51","guid":{"rendered":"https:\/\/ecology.yurivanessen.nl\/?page_id=33"},"modified":"2026-02-25T14:38:09","modified_gmt":"2026-02-25T14:38:09","slug":"regenwassernutzung-wasserrueckhalt","status":"publish","type":"page","link":"https:\/\/ecology.academy\/de\/projekte\/regenwassernutzung-wasserrueckhalt\/","title":{"rendered":"Wassersystemgestaltung"},"content":{"rendered":"  <section class=\"bg-cover bg-top relative z-[2]\" style=\"background-image:url(https:\/\/ecology.academy\/de\/wp-content\/uploads\/2024\/03\/Waterbeheer-irrigatie-droogte-klimaat-hangbrug-2400x1042.jpeg);\">\n    <div class=\"container relative flex flex-col lg:flex-row items-center z-[2] py-28\">\n      <div class=\"flex flex-col lg:w-5\/12 mt-10 lg:mt-auto ml-auto font-baloo text-white-500\">\n        <div class=\"text-2xl font-bold\">&#8220;The land must harvest water to give to the trees, so before you plant trees you must plant water.&#8221;<\/div>\n                  <div class=\"text-xl\">~&nbsp;\nZephaniah Phiri Maseko\n<\/div>\n              <\/div>\n    <\/div>\n    <div class=\"bg-gradient-photo md:w-11\/12 absolute z-[1] inset-0\"><\/div>\n  <\/section>\n\n\n\n<p><\/p>\n","protected":false},"excerpt":{"rendered":"","protected":false},"author":1,"featured_media":1068,"parent":662,"menu_order":12,"comment_status":"closed","ping_status":"closed","template":"page-templates\/projects.php","meta":{"_acf_changed":false,"footnotes":""},"class_list":["post-3330","page","type-page","status-publish","has-post-thumbnail","hentry"],"acf":[],"yoast_head":"<!-- This site is optimized with the Yoast SEO plugin v27.3 - https:\/\/yoast.com\/product\/yoast-seo-wordpress\/ -->\n<title>Wassersystemgestaltung &amp; Wasserr\u00fcckhalt | Ecology Academy<\/title>\n<meta name=\"description\" content=\"Wassersystemgestaltung f\u00fcr Regenwassernutzung &amp; -R\u00fcckhalt: Wasser auffangen, verlangsamen und verteilen - f\u00fcr ein klimaresilientes \u00d6kosystem.\" \/>\n<meta name=\"robots\" content=\"noindex, follow, max-snippet:-1, max-image-preview:large, max-video-preview:-1\" \/>\n<meta property=\"og:locale\" content=\"de_DE\" \/>\n<meta property=\"og:type\" content=\"article\" \/>\n<meta property=\"og:title\" content=\"Wassersystemgestaltung &amp; Wasserr\u00fcckhalt | Ecology Academy\" \/>\n<meta property=\"og:description\" content=\"Wassersystemgestaltung f\u00fcr Regenwassernutzung &amp; -R\u00fcckhalt: Wasser auffangen, verlangsamen und verteilen - f\u00fcr ein klimaresilientes \u00d6kosystem.\" \/>\n<meta property=\"og:url\" content=\"https:\/\/ecology.academy\/de\/projekte\/regenwassernutzung-wasserrueckhalt\/\" \/>\n<meta property=\"og:site_name\" content=\"Ecology Academy DE\" \/>\n<meta property=\"article:modified_time\" content=\"2026-02-25T14:38:09+00:00\" \/>\n<meta property=\"og:image\" content=\"https:\/\/ecology.academy\/de\/wp-content\/uploads\/2024\/03\/Waterbeheer-irrigatie-droogte-klimaat-hangbrug-scaled.jpeg\" \/>\n\t<meta property=\"og:image:width\" content=\"1920\" \/>\n\t<meta property=\"og:image:height\" content=\"834\" \/>\n\t<meta property=\"og:image:type\" content=\"image\/jpeg\" \/>\n<meta name=\"twitter:card\" content=\"summary_large_image\" \/>\n<meta name=\"twitter:label1\" content=\"Gesch\u00e4tzte Lesezeit\" \/>\n\t<meta name=\"twitter:data1\" content=\"1\u00a0Minute\" \/>\n<script type=\"application\/ld+json\" class=\"yoast-schema-graph\">{\"@context\":\"https:\\\/\\\/schema.org\",\"@graph\":[{\"@type\":\"WebPage\",\"@id\":\"https:\\\/\\\/ecology.academy\\\/de\\\/projekte\\\/regenwassernutzung-wasserrueckhalt\\\/\",\"url\":\"https:\\\/\\\/ecology.academy\\\/de\\\/projekte\\\/regenwassernutzung-wasserrueckhalt\\\/\",\"name\":\"Wassersystemgestaltung & Wasserr\u00fcckhalt | Ecology Academy\",\"isPartOf\":{\"@id\":\"https:\\\/\\\/ecology.academy\\\/de\\\/#website\"},\"primaryImageOfPage\":{\"@id\":\"https:\\\/\\\/ecology.academy\\\/de\\\/projekte\\\/regenwassernutzung-wasserrueckhalt\\\/#primaryimage\"},\"image\":{\"@id\":\"https:\\\/\\\/ecology.academy\\\/de\\\/projekte\\\/regenwassernutzung-wasserrueckhalt\\\/#primaryimage\"},\"thumbnailUrl\":\"https:\\\/\\\/ecology.academy\\\/de\\\/wp-content\\\/uploads\\\/2024\\\/03\\\/Waterbeheer-irrigatie-droogte-klimaat-hangbrug-scaled.jpeg\",\"datePublished\":\"2023-09-10T21:17:51+00:00\",\"dateModified\":\"2026-02-25T14:38:09+00:00\",\"description\":\"Wassersystemgestaltung f\u00fcr Regenwassernutzung & -R\u00fcckhalt: Wasser auffangen, verlangsamen und verteilen - f\u00fcr ein klimaresilientes \u00d6kosystem.\",\"breadcrumb\":{\"@id\":\"https:\\\/\\\/ecology.academy\\\/de\\\/projekte\\\/regenwassernutzung-wasserrueckhalt\\\/#breadcrumb\"},\"inLanguage\":\"de\",\"potentialAction\":[{\"@type\":\"ReadAction\",\"target\":[\"https:\\\/\\\/ecology.academy\\\/de\\\/projekte\\\/regenwassernutzung-wasserrueckhalt\\\/\"]}]},{\"@type\":\"ImageObject\",\"inLanguage\":\"de\",\"@id\":\"https:\\\/\\\/ecology.academy\\\/de\\\/projekte\\\/regenwassernutzung-wasserrueckhalt\\\/#primaryimage\",\"url\":\"https:\\\/\\\/ecology.academy\\\/de\\\/wp-content\\\/uploads\\\/2024\\\/03\\\/Waterbeheer-irrigatie-droogte-klimaat-hangbrug-scaled.jpeg\",\"contentUrl\":\"https:\\\/\\\/ecology.academy\\\/de\\\/wp-content\\\/uploads\\\/2024\\\/03\\\/Waterbeheer-irrigatie-droogte-klimaat-hangbrug-scaled.jpeg\",\"width\":1920,\"height\":834,\"caption\":\"Heroafbeelding van waterbeheer en watersysteemontwerp met op natuur gebaseerde hydrologische oplossingen, als onderdeel van klimaatbestendig water- en landschapsontwerp.\"},{\"@type\":\"BreadcrumbList\",\"@id\":\"https:\\\/\\\/ecology.academy\\\/de\\\/projekte\\\/regenwassernutzung-wasserrueckhalt\\\/#breadcrumb\",\"itemListElement\":[{\"@type\":\"ListItem\",\"position\":1,\"name\":\"Home\",\"item\":\"https:\\\/\\\/ecology.academy\\\/de\\\/\"},{\"@type\":\"ListItem\",\"position\":2,\"name\":\"Projekte\",\"item\":\"https:\\\/\\\/ecology.academy\\\/de\\\/projekte\\\/\"},{\"@type\":\"ListItem\",\"position\":3,\"name\":\"Wassersysteme & Wassermanagement\"}]},{\"@type\":\"WebSite\",\"@id\":\"https:\\\/\\\/ecology.academy\\\/de\\\/#website\",\"url\":\"https:\\\/\\\/ecology.academy\\\/de\\\/\",\"name\":\"Ecology Academy DE\",\"description\":\"\",\"potentialAction\":[{\"@type\":\"SearchAction\",\"target\":{\"@type\":\"EntryPoint\",\"urlTemplate\":\"https:\\\/\\\/ecology.academy\\\/de\\\/?s={search_term_string}\"},\"query-input\":{\"@type\":\"PropertyValueSpecification\",\"valueRequired\":true,\"valueName\":\"search_term_string\"}}],\"inLanguage\":\"de\"}]}<\/script>\n<!-- \/ Yoast SEO plugin. -->","yoast_head_json":{"title":"Wassersystemgestaltung & Wasserr\u00fcckhalt | Ecology Academy","description":"Wassersystemgestaltung f\u00fcr Regenwassernutzung & -R\u00fcckhalt: Wasser auffangen, verlangsamen und verteilen - f\u00fcr ein klimaresilientes \u00d6kosystem.","robots":{"index":"noindex","follow":"follow","max-snippet":"max-snippet:-1","max-image-preview":"max-image-preview:large","max-video-preview":"max-video-preview:-1"},"og_locale":"de_DE","og_type":"article","og_title":"Wassersystemgestaltung & Wasserr\u00fcckhalt | Ecology Academy","og_description":"Wassersystemgestaltung f\u00fcr Regenwassernutzung & -R\u00fcckhalt: Wasser auffangen, verlangsamen und verteilen - f\u00fcr ein klimaresilientes \u00d6kosystem.","og_url":"https:\/\/ecology.academy\/de\/projekte\/regenwassernutzung-wasserrueckhalt\/","og_site_name":"Ecology Academy DE","article_modified_time":"2026-02-25T14:38:09+00:00","og_image":[{"width":1920,"height":834,"url":"https:\/\/ecology.academy\/de\/wp-content\/uploads\/2024\/03\/Waterbeheer-irrigatie-droogte-klimaat-hangbrug-scaled.jpeg","type":"image\/jpeg"}],"twitter_card":"summary_large_image","twitter_misc":{"Gesch\u00e4tzte Lesezeit":"1\u00a0Minute"},"schema":{"@context":"https:\/\/schema.org","@graph":[{"@type":"WebPage","@id":"https:\/\/ecology.academy\/de\/projekte\/regenwassernutzung-wasserrueckhalt\/","url":"https:\/\/ecology.academy\/de\/projekte\/regenwassernutzung-wasserrueckhalt\/","name":"Wassersystemgestaltung & Wasserr\u00fcckhalt | Ecology Academy","isPartOf":{"@id":"https:\/\/ecology.academy\/de\/#website"},"primaryImageOfPage":{"@id":"https:\/\/ecology.academy\/de\/projekte\/regenwassernutzung-wasserrueckhalt\/#primaryimage"},"image":{"@id":"https:\/\/ecology.academy\/de\/projekte\/regenwassernutzung-wasserrueckhalt\/#primaryimage"},"thumbnailUrl":"https:\/\/ecology.academy\/de\/wp-content\/uploads\/2024\/03\/Waterbeheer-irrigatie-droogte-klimaat-hangbrug-scaled.jpeg","datePublished":"2023-09-10T21:17:51+00:00","dateModified":"2026-02-25T14:38:09+00:00","description":"Wassersystemgestaltung f\u00fcr Regenwassernutzung & -R\u00fcckhalt: Wasser auffangen, verlangsamen und verteilen - f\u00fcr ein klimaresilientes \u00d6kosystem.","breadcrumb":{"@id":"https:\/\/ecology.academy\/de\/projekte\/regenwassernutzung-wasserrueckhalt\/#breadcrumb"},"inLanguage":"de","potentialAction":[{"@type":"ReadAction","target":["https:\/\/ecology.academy\/de\/projekte\/regenwassernutzung-wasserrueckhalt\/"]}]},{"@type":"ImageObject","inLanguage":"de","@id":"https:\/\/ecology.academy\/de\/projekte\/regenwassernutzung-wasserrueckhalt\/#primaryimage","url":"https:\/\/ecology.academy\/de\/wp-content\/uploads\/2024\/03\/Waterbeheer-irrigatie-droogte-klimaat-hangbrug-scaled.jpeg","contentUrl":"https:\/\/ecology.academy\/de\/wp-content\/uploads\/2024\/03\/Waterbeheer-irrigatie-droogte-klimaat-hangbrug-scaled.jpeg","width":1920,"height":834,"caption":"Heroafbeelding van waterbeheer en watersysteemontwerp met op natuur gebaseerde hydrologische oplossingen, als onderdeel van klimaatbestendig water- en landschapsontwerp."},{"@type":"BreadcrumbList","@id":"https:\/\/ecology.academy\/de\/projekte\/regenwassernutzung-wasserrueckhalt\/#breadcrumb","itemListElement":[{"@type":"ListItem","position":1,"name":"Home","item":"https:\/\/ecology.academy\/de\/"},{"@type":"ListItem","position":2,"name":"Projekte","item":"https:\/\/ecology.academy\/de\/projekte\/"},{"@type":"ListItem","position":3,"name":"Wassersysteme & Wassermanagement"}]},{"@type":"WebSite","@id":"https:\/\/ecology.academy\/de\/#website","url":"https:\/\/ecology.academy\/de\/","name":"Ecology Academy DE","description":"","potentialAction":[{"@type":"SearchAction","target":{"@type":"EntryPoint","urlTemplate":"https:\/\/ecology.academy\/de\/?s={search_term_string}"},"query-input":{"@type":"PropertyValueSpecification","valueRequired":true,"valueName":"search_term_string"}}],"inLanguage":"de"}]}},"_links":{"self":[{"href":"https:\/\/ecology.academy\/de\/wp-json\/wp\/v2\/pages\/3330","targetHints":{"allow":["GET"]}}],"collection":[{"href":"https:\/\/ecology.academy\/de\/wp-json\/wp\/v2\/pages"}],"about":[{"href":"https:\/\/ecology.academy\/de\/wp-json\/wp\/v2\/types\/page"}],"author":[{"embeddable":true,"href":"https:\/\/ecology.academy\/de\/wp-json\/wp\/v2\/users\/1"}],"replies":[{"embeddable":true,"href":"https:\/\/ecology.academy\/de\/wp-json\/wp\/v2\/comments?post=3330"}],"version-history":[{"count":5,"href":"https:\/\/ecology.academy\/de\/wp-json\/wp\/v2\/pages\/3330\/revisions"}],"predecessor-version":[{"id":3532,"href":"https:\/\/ecology.academy\/de\/wp-json\/wp\/v2\/pages\/3330\/revisions\/3532"}],"up":[{"embeddable":true,"href":"https:\/\/ecology.academy\/de\/wp-json\/wp\/v2\/pages\/662"}],"wp:featuredmedia":[{"embeddable":true,"href":"https:\/\/ecology.academy\/de\/wp-json\/wp\/v2\/media\/1068"}],"wp:attachment":[{"href":"https:\/\/ecology.academy\/de\/wp-json\/wp\/v2\/media?parent=3330"}],"curies":[{"name":"wp","href":"https:\/\/api.w.org\/{rel}","templated":true}]}}